{"id":29,"date":"2014-01-27T23:38:21","date_gmt":"2014-01-27T21:38:21","guid":{"rendered":"http:\/\/derobstladen.de\/?page_id=29"},"modified":"2021-12-15T21:46:32","modified_gmt":"2021-12-15T19:46:32","slug":"unser-laden","status":"publish","type":"page","link":"https:\/\/derobstladen.de\/?page_id=29","title":{"rendered":"Unser Laden"},"content":{"rendered":"<p>Sie finden uns im Herzen Emmendingens in der Lammstra\u00dfe.<\/p>\n<p>Nehmen Sie sich ein bisschen Zeit um in unseren Regalen zu st\u00f6bern.<\/p>\n<p>Gerne sind wir f\u00fcr Fragen f\u00fcr Sie da.<\/p>\n<p>Neben Obst und Gem\u00fcse erhalten Sie bei uns erlesene italienische Weine und die feinsten&nbsp;\u00d6le und Essige zur Abrundung des guten Geschmacks in Ihrer K\u00fcche.<\/p>\n<h3>Aktuelle \u00d6ffnungszeiten<\/h3>\n<ul>\n<li>von Montag bis Freitag von 9.00 bis 14.00 Uhr und von 15.00 bis 18.00 Uhr<\/li>\n<li>am Samstag von 9.00 bis 13.30 Uhr<\/li>\n<\/ul>\n<p>&nbsp;<\/p>\n<p style=\"text-align: center;\"><a href=\"http:\/\/derobstladen.de\/wp-content\/uploads\/2014\/01\/DerObstladenUebersichtWeb.jpg\"><img loading=\"lazy\" decoding=\"async\" class=\"aligncenter size-medium wp-image-62\" src=\"http:\/\/derobstladen.de\/wp-content\/uploads\/2014\/01\/DerObstladenUebersichtWeb-300x165.jpg\" alt=\"DerObstladenUebersichtWeb\" width=\"300\" height=\"165\" srcset=\"https:\/\/derobstladen.de\/wp-content\/uploads\/2014\/01\/DerObstladenUebersichtWeb-300x165.jpg 300w, https:\/\/derobstladen.de\/wp-content\/uploads\/2014\/01\/DerObstladenUebersichtWeb-1024x565.jpg 1024w, https:\/\/derobstladen.de\/wp-content\/uploads\/2014\/01\/DerObstladenUebersichtWeb-500x275.jpg 500w\" sizes=\"auto, (max-width: 300px) 100vw, 300px\" \/><\/a> <a href=\"http:\/\/derobstladen.de\/wp-content\/uploads\/2014\/01\/DerObstladenUebersicht2Web.jpg\"><img loading=\"lazy\" decoding=\"async\" class=\"aligncenter size-medium wp-image-61\" src=\"http:\/\/derobstladen.de\/wp-content\/uploads\/2014\/01\/DerObstladenUebersicht2Web-300x181.jpg\" alt=\"DerObstladenUebersicht2Web\" width=\"300\" height=\"181\" srcset=\"https:\/\/derobstladen.de\/wp-content\/uploads\/2014\/01\/DerObstladenUebersicht2Web-300x181.jpg 300w, https:\/\/derobstladen.de\/wp-content\/uploads\/2014\/01\/DerObstladenUebersicht2Web-1024x620.jpg 1024w, https:\/\/derobstladen.de\/wp-content\/uploads\/2014\/01\/DerObstladenUebersicht2Web-495x300.jpg 495w\" sizes=\"auto, (max-width: 300px) 100vw, 300px\" \/><\/a> <a href=\"http:\/\/derobstladen.de\/wp-content\/uploads\/2014\/01\/DerObstladenSosseNudelGewuerzeWeb.jpg\"><img loading=\"lazy\" decoding=\"async\" class=\"aligncenter size-medium wp-image-59\" src=\"http:\/\/derobstladen.de\/wp-content\/uploads\/2014\/01\/DerObstladenSosseNudelGewuerzeWeb-300x170.jpg\" alt=\"DerObstladenSosseNudelGewuerzeWeb\" width=\"300\" height=\"170\" srcset=\"https:\/\/derobstladen.de\/wp-content\/uploads\/2014\/01\/DerObstladenSosseNudelGewuerzeWeb-300x170.jpg 300w, https:\/\/derobstladen.de\/wp-content\/uploads\/2014\/01\/DerObstladenSosseNudelGewuerzeWeb-1024x582.jpg 1024w, https:\/\/derobstladen.de\/wp-content\/uploads\/2014\/01\/DerObstladenSosseNudelGewuerzeWeb-500x284.jpg 500w\" sizes=\"auto, (max-width: 300px) 100vw, 300px\" \/><\/a> <a href=\"http:\/\/derobstladen.de\/wp-content\/uploads\/2014\/01\/DerObstladenOelregalGewuerzeWeb.jpg\"><img loading=\"lazy\" decoding=\"async\" class=\"aligncenter  wp-image-57\" src=\"http:\/\/derobstladen.de\/wp-content\/uploads\/2014\/01\/DerObstladenOelregalGewuerzeWeb-300x189.jpg\" alt=\"DerObstladenOelregalGewuerzeWeb\" width=\"300\" height=\"189\" srcset=\"https:\/\/derobstladen.de\/wp-content\/uploads\/2014\/01\/DerObstladenOelregalGewuerzeWeb-300x189.jpg 300w, https:\/\/derobstladen.de\/wp-content\/uploads\/2014\/01\/DerObstladenOelregalGewuerzeWeb-1024x645.jpg 1024w, https:\/\/derobstladen.de\/wp-content\/uploads\/2014\/01\/DerObstladenOelregalGewuerzeWeb-476x300.jpg 476w\" sizes=\"auto, (max-width: 300px) 100vw, 300px\" \/><\/a> <a href=\"http:\/\/derobstladen.de\/wp-content\/uploads\/2014\/01\/DerObstladenNudelGewuerzeWeb.jpg\"><img loading=\"lazy\" decoding=\"async\" class=\"aligncenter size-medium wp-image-55\" src=\"http:\/\/derobstladen.de\/wp-content\/uploads\/2014\/01\/DerObstladenNudelGewuerzeWeb-211x300.jpg\" alt=\"DerObstladenNudelGewuerzeWeb\" width=\"211\" height=\"300\" srcset=\"https:\/\/derobstladen.de\/wp-content\/uploads\/2014\/01\/DerObstladenNudelGewuerzeWeb-211x300.jpg 211w, https:\/\/derobstladen.de\/wp-content\/uploads\/2014\/01\/DerObstladenNudelGewuerzeWeb-721x1024.jpg 721w\" sizes=\"auto, (max-width: 211px) 100vw, 211px\" \/><\/a> <a href=\"http:\/\/derobstladen.de\/wp-content\/uploads\/2014\/01\/DerObstladenLogoWeb.jpg\"><img loading=\"lazy\" decoding=\"async\" class=\"aligncenter size-medium wp-image-54\" src=\"http:\/\/derobstladen.de\/wp-content\/uploads\/2014\/01\/DerObstladenLogoWeb-300x185.jpg\" alt=\"DerObstladenLogoWeb\" width=\"300\" height=\"185\" srcset=\"https:\/\/derobstladen.de\/wp-content\/uploads\/2014\/01\/DerObstladenLogoWeb-300x185.jpg 300w, https:\/\/derobstladen.de\/wp-content\/uploads\/2014\/01\/DerObstladenLogoWeb-1024x632.jpg 1024w, https:\/\/derobstladen.de\/wp-content\/uploads\/2014\/01\/DerObstladenLogoWeb-485x300.jpg 485w\" sizes=\"auto, (max-width: 300px) 100vw, 300px\" \/><\/a> <a href=\"http:\/\/derobstladen.de\/wp-content\/uploads\/2014\/01\/Obstladen-Emmendingen-2.jpg\"><img loading=\"lazy\" decoding=\"async\" class=\"size-medium wp-image-18 aligncenter\" src=\"http:\/\/derobstladen.de\/wp-content\/uploads\/2014\/01\/Obstladen-Emmendingen-2-300x209.jpg\" alt=\"Obstladen Emmendingen 2\" width=\"300\" height=\"209\" srcset=\"https:\/\/derobstladen.de\/wp-content\/uploads\/2014\/01\/Obstladen-Emmendingen-2-300x209.jpg 300w, https:\/\/derobstladen.de\/wp-content\/uploads\/2014\/01\/Obstladen-Emmendingen-2-429x300.jpg 429w, https:\/\/derobstladen.de\/wp-content\/uploads\/2014\/01\/Obstladen-Emmendingen-2.jpg 600w\" sizes=\"auto, (max-width: 300px) 100vw, 300px\" \/><\/a><\/p>\n<p>&nbsp;<\/p>\n<p>&nbsp;<\/p>\n<p>&nbsp;<\/p>\n<p>&nbsp;<\/p>\n","protected":false},"excerpt":{"rendered":"<p>Sie finden uns im Herzen Emmendingens in der Lammstra\u00dfe. Nehmen Sie sich ein bisschen Zeit um in unseren Regalen zu st\u00f6bern. Gerne sind wir f\u00fcr Fragen f\u00fcr Sie da. Neben Obst und Gem\u00fcse erhalten Sie bei uns erlesene italienische Weine<\/p>\n","protected":false},"author":1,"featured_media":0,"parent":0,"menu_order":0,"comment_status":"closed","ping_status":"closed","template":"","meta":{"ngg_post_thumbnail":0,"footnotes":""},"class_list":["post-29","page","type-page","status-publish","hentry"],"_links":{"self":[{"href":"https:\/\/derobstladen.de\/index.php?rest_route=\/wp\/v2\/pages\/29","targetHints":{"allow":["GET"]}}],"collection":[{"href":"https:\/\/derobstladen.de\/index.php?rest_route=\/wp\/v2\/pages"}],"about":[{"href":"https:\/\/derobstladen.de\/index.php?rest_route=\/wp\/v2\/types\/page"}],"author":[{"embeddable":true,"href":"https:\/\/derobstladen.de\/index.php?rest_route=\/wp\/v2\/users\/1"}],"replies":[{"embeddable":true,"href":"https:\/\/derobstladen.de\/index.php?rest_route=%2Fwp%2Fv2%2Fcomments&post=29"}],"version-history":[{"count":7,"href":"https:\/\/derobstladen.de\/index.php?rest_route=\/wp\/v2\/pages\/29\/revisions"}],"predecessor-version":[{"id":372,"href":"https:\/\/derobstladen.de\/index.php?rest_route=\/wp\/v2\/pages\/29\/revisions\/372"}],"wp:attachment":[{"href":"https:\/\/derobstladen.de\/index.php?rest_route=%2Fwp%2Fv2%2Fmedia&parent=29"}],"curies":[{"name":"wp","href":"https:\/\/api.w.org\/{rel}","templated":true}]}}