{"id":375,"date":"2021-12-15T21:53:06","date_gmt":"2021-12-15T19:53:06","guid":{"rendered":"https:\/\/derobstladen.de\/?page_id=375"},"modified":"2021-12-15T21:53:06","modified_gmt":"2021-12-15T19:53:06","slug":"geschenke","status":"publish","type":"page","link":"https:\/\/derobstladen.de\/?page_id=375","title":{"rendered":"Geschenke"},"content":{"rendered":"\n<p>Sie suchen ein Geschenk, sie suchen etwas das jeder brauchen kann und nicht nur in die Ecke stellt, dann suchen Sie bei uns. Wir haben feinste Essig und \u00d6le, Pesto und Pasta, leckere Brotaufstriche und besondere Senfe, tolle Grillso\u00dfen und Antipasti. Geschenke f\u00fcr den Gaumen und f\u00fcr jeden Geschmack. Wir freuen uns auf Sie und beraten Sie gerne.<\/p>\n\n\n\nngg_shortcode_0_placeholder\n","protected":false},"excerpt":{"rendered":"<p>Sie suchen ein Geschenk, sie suchen etwas das jeder brauchen kann und nicht nur in die Ecke stellt, dann suchen Sie bei uns. Wir haben feinste Essig und \u00d6le, Pesto und Pasta, leckere Brotaufstriche und besondere Senfe, tolle Grillso\u00dfen und<\/p>\n","protected":false},"author":1,"featured_media":0,"parent":0,"menu_order":0,"comment_status":"closed","ping_status":"closed","template":"","meta":{"ngg_post_thumbnail":0,"footnotes":""},"class_list":["post-375","page","type-page","status-publish","hentry"],"_links":{"self":[{"href":"https:\/\/derobstladen.de\/index.php?rest_route=\/wp\/v2\/pages\/375","targetHints":{"allow":["GET"]}}],"collection":[{"href":"https:\/\/derobstladen.de\/index.php?rest_route=\/wp\/v2\/pages"}],"about":[{"href":"https:\/\/derobstladen.de\/index.php?rest_route=\/wp\/v2\/types\/page"}],"author":[{"embeddable":true,"href":"https:\/\/derobstladen.de\/index.php?rest_route=\/wp\/v2\/users\/1"}],"replies":[{"embeddable":true,"href":"https:\/\/derobstladen.de\/index.php?rest_route=%2Fwp%2Fv2%2Fcomments&post=375"}],"version-history":[{"count":1,"href":"https:\/\/derobstladen.de\/index.php?rest_route=\/wp\/v2\/pages\/375\/revisions"}],"predecessor-version":[{"id":376,"href":"https:\/\/derobstladen.de\/index.php?rest_route=\/wp\/v2\/pages\/375\/revisions\/376"}],"wp:attachment":[{"href":"https:\/\/derobstladen.de\/index.php?rest_route=%2Fwp%2Fv2%2Fmedia&parent=375"}],"curies":[{"name":"wp","href":"https:\/\/api.w.org\/{rel}","templated":true}]}}